{"id":1124,"date":"2024-08-12T19:22:47","date_gmt":"2024-08-12T19:22:47","guid":{"rendered":"https:\/\/q2travels.com\/?page_id=1124"},"modified":"2024-08-30T14:44:15","modified_gmt":"2024-08-30T14:44:15","slug":"q2-incentivo-mice","status":"publish","type":"page","link":"https:\/\/q2travels.com\/en\/q2-incentivo-mice\/","title":{"rendered":"Q2 Incentivo MICE"},"content":{"rendered":"<div data-elementor-type=\"wp-page\" data-elementor-id=\"1124\" class=\"elementor elementor-1124\" data-elementor-post-type=\"page\">\n\t\t\t\t<div class=\"elementor-element elementor-element-2a3c3f1 elementor-hidden-desktop elementor-hidden-tablet elementor-hidden-mobile e-flex e-con-boxed e-con e-parent\" data-id=\"2a3c3f1\" data-element_type=\"container\" data-settings=\"{&quot;background_background&quot;:&quot;classic&quot;}\">\n\t\t\t\t\t<div class=\"e-con-inner\">\n\t\t\t\t<div class=\"elementor-element elementor-element-eb7dc47 elementor-invisible elementor-widget elementor-widget-heading\" data-id=\"eb7dc47\" data-element_type=\"widget\" data-settings=\"{&quot;_animation&quot;:&quot;fadeIn&quot;}\" data-widget_type=\"heading.default\">\n\t\t\t\t<div class=\"elementor-widget-container\">\n\t\t\t<style>\/*! elementor - v3.23.0 - 05-08-2024 *\/\n.elementor-heading-title{padding:0;margin:0;line-height:1}.elementor-widget-heading .elementor-heading-title[class*=elementor-size-]>a{color:inherit;font-size:inherit;line-height:inherit}.elementor-widget-heading .elementor-heading-title.elementor-size-small{font-size:15px}.elementor-widget-heading .elementor-heading-title.elementor-size-medium{font-size:19px}.elementor-widget-heading .elementor-heading-title.elementor-size-large{font-size:29px}.elementor-widget-heading .elementor-heading-title.elementor-size-xl{font-size:39px}.elementor-widget-heading .elementor-heading-title.elementor-size-xxl{font-size:59px}<\/style><h2 class=\"elementor-heading-title elementor-size-default\">Viajes de Inccentivo MICE<\/h2>\t\t<\/div>\n\t\t\t\t<\/div>\n\t\t\t\t<div class=\"elementor-element elementor-element-8cf6349 elementor-widget__width-initial elementor-invisible elementor-widget elementor-widget-text-editor\" data-id=\"8cf6349\" data-element_type=\"widget\" data-settings=\"{&quot;_animation&quot;:&quot;fadeIn&quot;}\" data-widget_type=\"text-editor.default\">\n\t\t\t\t<div class=\"elementor-widget-container\">\n\t\t\t<style>\/*! elementor - v3.23.0 - 05-08-2024 *\/\n.elementor-widget-text-editor.elementor-drop-cap-view-stacked .elementor-drop-cap{background-color:#69727d;color:#fff}.elementor-widget-text-editor.elementor-drop-cap-view-framed .elementor-drop-cap{color:#69727d;border:3px solid;background-color:transparent}.elementor-widget-text-editor:not(.elementor-drop-cap-view-default) .elementor-drop-cap{margin-top:8px}.elementor-widget-text-editor:not(.elementor-drop-cap-view-default) .elementor-drop-cap-letter{width:1em;height:1em}.elementor-widget-text-editor .elementor-drop-cap{float:left;text-align:center;line-height:1;font-size:50px}.elementor-widget-text-editor .elementor-drop-cap-letter{display:inline-block}<\/style>\t\t\t\t<p><strong>Potenci\u00e1 la Motivaci\u00f3n y el Rendimiento de tu Equipo.<\/strong><\/p><p>En Q2 Travel, entendemos que los viajes de incentivo son una poderosa herramienta para motivar y recompensar a tu equipo. Nuestros servicios MICE (Meetings, Incentives, Conferences and Exhibitions) est\u00e1n dise\u00f1ados para ofrecer experiencias \u00fanicas que inspiran y fortalecen las relaciones empresariales.<\/p><p>Con Q2 como tus socios y aliados estrat\u00e9gicos, garantizamos que cada evento sea una vivencia inolivdable.<\/p>\t\t\t\t\t\t<\/div>\n\t\t\t\t<\/div>\n\t\t\t\t\t<\/div>\n\t\t\t\t<\/div>\n\t\t<div class=\"elementor-element elementor-element-064ce77 e-con-full elementor-hidden-tablet elementor-hidden-mobile e-flex elementor-invisible e-con e-parent\" data-id=\"064ce77\" data-element_type=\"container\" data-settings=\"{&quot;background_background&quot;:&quot;classic&quot;,&quot;animation&quot;:&quot;fadeInDown&quot;}\">\n\t\t\t\t<\/div>\n\t\t<div class=\"elementor-element elementor-element-4e90379 e-flex e-con-boxed e-con e-parent\" data-id=\"4e90379\" data-element_type=\"container\" data-settings=\"{&quot;background_background&quot;:&quot;classic&quot;}\">\n\t\t\t\t\t<div class=\"e-con-inner\">\n\t\t\t\t<div class=\"elementor-element elementor-element-e9d08a5 elementor-invisible elementor-widget elementor-widget-heading\" data-id=\"e9d08a5\" data-element_type=\"widget\" data-settings=\"{&quot;_animation&quot;:&quot;fadeIn&quot;}\" data-widget_type=\"heading.default\">\n\t\t\t\t<div class=\"elementor-widget-container\">\n\t\t\t<h2 class=\"elementor-heading-title elementor-size-default\">Travels MICE<\/h2>\t\t<\/div>\n\t\t\t\t<\/div>\n\t\t\t\t<div class=\"elementor-element elementor-element-a6b90c0 elementor-widget__width-initial elementor-invisible elementor-widget elementor-widget-text-editor\" data-id=\"a6b90c0\" data-element_type=\"widget\" data-settings=\"{&quot;_animation&quot;:&quot;fadeIn&quot;}\" data-widget_type=\"text-editor.default\">\n\t\t\t\t<div class=\"elementor-widget-container\">\n\t\t\t\t\t\t\t<p><strong>We create events that inspire, motivate and leave an indelible mark in the memory of the participants.<\/strong><\/p><p>We are dedicated to exceeding expectations, transforming our clients' vision into unrepeatable experiences.<\/p>\t\t\t\t\t\t<\/div>\n\t\t\t\t<\/div>\n\t\t\t\t\t<\/div>\n\t\t\t\t<\/div>\n\t\t<div class=\"elementor-element elementor-element-50e393d e-flex e-con-boxed e-con e-parent\" data-id=\"50e393d\" data-element_type=\"container\" data-settings=\"{&quot;background_background&quot;:&quot;classic&quot;}\">\n\t\t\t\t\t<div class=\"e-con-inner\">\n\t\t<div class=\"elementor-element elementor-element-4f561a7 e-con-full e-flex e-con e-child\" data-id=\"4f561a7\" data-element_type=\"container\" data-settings=\"{&quot;background_background&quot;:&quot;classic&quot;}\">\n\t\t\t\t<\/div>\n\t\t<div class=\"elementor-element elementor-element-4f3ea9b e-con-full e-flex e-con e-child\" data-id=\"4f3ea9b\" data-element_type=\"container\">\n\t\t\t\t<div class=\"elementor-element elementor-element-a26dd23 elementor-widget elementor-widget-ucaddon_uc_material_bullets\" data-id=\"a26dd23\" data-element_type=\"widget\" data-widget_type=\"ucaddon_uc_material_bullets.default\">\n\t\t\t\t<div class=\"elementor-widget-container\">\n\t\t\t\n<!-- start Icon Bullets -->\n\t\t<link id='font-awesome-css' href='https:\/\/q2travels.com\/wp-content\/plugins\/unlimited-elements-for-elementor-premium\/assets_libraries\/font-awesome6\/fontawesome-all.min.css' type='text\/css' rel='stylesheet' >\n\t\t<link id='font-awesome-4-shim-css' href='https:\/\/q2travels.com\/wp-content\/plugins\/unlimited-elements-for-elementor-premium\/assets_libraries\/font-awesome6\/fontawesome-v4-shims.min.css' type='text\/css' rel='stylesheet' >\n\n<style>\/* widget: Icon Bullets *\/\n\n\r\n@keyframes uc_uc_material_bullets_elementor_a26dd23__item-animation {\r\n  0% {\r\n            \r\n        \t        \tfilter: blur(10px);\r\n\t\t\t\r\n    \t    opacity: 0;\r\n  }\r\n  100% {\r\n            \r\n        \t            filter: blur(0px);\r\n            \r\n    \t\topacity: 1;\r\n  }\r\n}\r\n\r\n\r\n#uc_uc_material_bullets_elementor_a26dd23 .uc_material_bullets_row{\r\n\topacity:0;\r\n}\r\n\r\n\r\n#uc_uc_material_bullets_elementor_a26dd23 .uc-entrance-animate {\r\n  opacity:1;\r\n}\r\n\r\n#uc_uc_material_bullets_elementor_a26dd23 .uc-entrance-animate {\r\n\tanimation: uc_uc_material_bullets_elementor_a26dd23__item-animation 0.6s cubic-bezier(0.470, 0.000, 0.745, 0.715) both;\r\n}\r\n\r\n\t\t\t\n\n#uc_uc_material_bullets_elementor_a26dd23 *{\n\t-webkit-box-sizing: border-box;\n\t-moz-box-sizing: border-box;\n\tbox-sizing: border-box;\n}\n\n#uc_uc_material_bullets_elementor_a26dd23 .ue-icon-wrapper{\n\tdisplay: flex;\n}\n\n#uc_uc_material_bullets_elementor_a26dd23 .ue-icon{\n  display:flex;\n  align-items:center;\n  justify-content:center;\n  flex-grow:0;\n  flex-shrink:0;\n  line-height:1em;\n  transition:0.3s;\n}\n\n#uc_uc_material_bullets_elementor_a26dd23 .ue-icon svg{\n  height:1em;\n  width:1em;\n}\n\n#uc_uc_material_bullets_elementor_a26dd23 .uc_material_bullets_row{\n\tfont-weight:400;\n\toverflow:hidden;\n\tdisplay:flex;\n\tposition:relative;\n\ttext-align:left;\n\twidth:100%;   \n    transition:0.3s;\n}\n\n#uc_uc_material_bullets_elementor_a26dd23 .uc_material_bullets_row a.ue-item-link{\n  position:absolute;\n  display:block;\n  top:0;\n  right:0;\n  left:0;\n  bottom:0;\n}\n\n#uc_uc_material_bullets_elementor_a26dd23 .uc_material_bullets_row:last-child{\n\tmargin-bottom:0px !important;\n}\n\n\n#uc_uc_material_bullets_elementor_a26dd23 .uc_material_bullets_row {\n\tposition:relative;\n\tvertical-align:middle;\n}\n\n#uc_uc_material_bullets_elementor_a26dd23 .uc_material_bullets_row .uc_content_box{\n\tdisplay:flex;\n    flex-direction:column;\n    justify-content:center;\n    align-items: flex-start;\n    flex-grow:1;\n}\n\n#uc_uc_material_bullets_elementor_a26dd23 .ue-bullets{\n  display:grid;\n}\n\n#uc_uc_material_bullets_elementor_a26dd23 .ue-text, \n#uc_uc_material_bullets_elementor_a26dd23 .ue-title, \n#uc_uc_material_bullets_elementor_a26dd23 .ue-seperator{\n  width:100%;\n}\n\n#uc_uc_material_bullets_elementor_a26dd23 .ue-seperator-line{\n  display:inline-block;\n  font-size:0px;\n}\n\n#uc_uc_material_bullets_elementor_a26dd23 .ue-seperator{\n  font-size:0px;\n}\n\n#uc_uc_material_bullets_elementor_a26dd23.uc-remote-parent .uc_material_bullets_row{\n  cursor:pointer;\n}\n\n.ue-title{\n  font-size:21px;\n  margin:0;\n}\n\n#uc_uc_material_bullets_elementor_a26dd23 .uc_content_box > *{\n  transition: all .3s;\n}\n\n<\/style>\n\n<div class=\"uc_material_bullets\"  id=\"uc_uc_material_bullets_elementor_a26dd23\"  >   \t\n    \t<div class=\"ue-bullets uc-items-wrapper\">\n          \t<div class=\"uc_material_bullets_row elementor-repeater-item-cf64ce9\">\n  <div class=\"ue-icon-wrapper\">\n              <div class=\"ue-icon\">\n                                       <span class=\"ue-icon-text\">1<\/span> \t\n\n                \n              <\/div>\n  <\/div>\n  <div class=\"uc_content_box uc_ceal\">\n    <div class=\"ue-title\">CREATIVITY WITHOUT BORDERS<\/div>\n    \n    \t\n    \n    <div class=\"ue-text\">We turn great ideas into unforgettable experiences. We co-create, together with our clients, magical proposals that we always bring to reality.<\/div>\t\n  <\/div>\n    \t\n<\/div>\n<div class=\"uc_material_bullets_row elementor-repeater-item-e5f23f5\">\n  <div class=\"ue-icon-wrapper\">\n              <div class=\"ue-icon\">\n                                       <span class=\"ue-icon-text\">2<\/span> \t\n\n                \n              <\/div>\n  <\/div>\n  <div class=\"uc_content_box uc_ceal\">\n    <div class=\"ue-title\">COMPLETE MANAGEMENT<\/div>\n    \n    \t\n    \n    <div class=\"ue-text\">We design and produce your experience from start to finish. From the conception of the idea to the final report. We enjoy every stage: before, during and after.<\/div>\t\n  <\/div>\n    \t\n<\/div>\n<div class=\"uc_material_bullets_row elementor-repeater-item-7d07b21\">\n  <div class=\"ue-icon-wrapper\">\n              <div class=\"ue-icon\">\n                                       <span class=\"ue-icon-text\">3<\/span> \t\n\n                \n              <\/div>\n  <\/div>\n  <div class=\"uc_content_box uc_ceal\">\n    <div class=\"ue-title\">WORLDWIDE IMPLEMENTATION<\/div>\n    \n    \t\n    \n    <div class=\"ue-text\">With more than 15 years of experience in event production around the world, no matter the location, we know how to do it. There are no limits.<\/div>\t\n  <\/div>\n    \t\n<\/div>\n<div class=\"uc_material_bullets_row elementor-repeater-item-7f48d98\">\n  <div class=\"ue-icon-wrapper\">\n              <div class=\"ue-icon\">\n                                       <span class=\"ue-icon-text\">4<\/span> \t\n\n                \n              <\/div>\n  <\/div>\n  <div class=\"uc_content_box uc_ceal\">\n    <div class=\"ue-title\">TECHNOLOGY THAT INSPIRES<\/div>\n    \n    \t\n    \n    <div class=\"ue-text\">We use the most innovative and disruptive resources to generate immersive and impactful experiences, obtaining surprising results.<\/div>\t\n  <\/div>\n    \t\n<\/div>\n\n      <\/div>\n<\/div>\n<!-- end Icon Bullets -->\t\t<\/div>\n\t\t\t\t<\/div>\n\t\t\t\t<\/div>\n\t\t\t\t\t<\/div>\n\t\t\t\t<\/div>\n\t\t<div class=\"elementor-element elementor-element-99b55a1 e-flex e-con-boxed e-con e-parent\" data-id=\"99b55a1\" data-element_type=\"container\" data-settings=\"{&quot;background_background&quot;:&quot;classic&quot;}\">\n\t\t\t\t\t<div class=\"e-con-inner\">\n\t\t\t\t<div class=\"elementor-element elementor-element-6694996 elementor-invisible elementor-widget elementor-widget-heading\" data-id=\"6694996\" data-element_type=\"widget\" data-settings=\"{&quot;_animation&quot;:&quot;fadeIn&quot;}\" data-widget_type=\"heading.default\">\n\t\t\t\t<div class=\"elementor-widget-container\">\n\t\t\t<h2 class=\"elementor-heading-title elementor-size-default\">Everything ready to start<\/h2>\t\t<\/div>\n\t\t\t\t<\/div>\n\t\t\t\t<div class=\"elementor-element elementor-element-b43bb09 elementor-widget__width-initial elementor-invisible elementor-widget elementor-widget-text-editor\" data-id=\"b43bb09\" data-element_type=\"widget\" data-settings=\"{&quot;_animation&quot;:&quot;fadeIn&quot;}\" data-widget_type=\"text-editor.default\">\n\t\t\t\t<div class=\"elementor-widget-container\">\n\t\t\t\t\t\t\t<p><span style=\"font-weight: 400;\">Preparation is the key to success. Our team, composed of more than 30 professionals specialized in event production, starts working several months in advance to ensure that the day will be memorable. <\/span><\/p><p><span style=\"font-weight: 400;\">We are present at every key stage: from the development of a creative concept, pre-production, logistics, technique, and everything you need to live a high-impact experience.<\/span><\/p>\t\t\t\t\t\t<\/div>\n\t\t\t\t<\/div>\n\t\t\t\t\t<\/div>\n\t\t\t\t<\/div>\n\t\t<div class=\"elementor-element elementor-element-dfdec47 e-con-full e-flex e-con e-parent\" data-id=\"dfdec47\" data-element_type=\"container\">\n\t\t<div class=\"elementor-element elementor-element-219fe44 e-flex e-con-boxed e-con e-child\" data-id=\"219fe44\" data-element_type=\"container\">\n\t\t\t\t\t<div class=\"e-con-inner\">\n\t\t\t\t<div class=\"elementor-element elementor-element-6a54c33 elementor-widget elementor-widget-image\" data-id=\"6a54c33\" data-element_type=\"widget\" data-widget_type=\"image.default\">\n\t\t\t\t<div class=\"elementor-widget-container\">\n\t\t\t\t\t\t\t\t\t\t\t\t\t<img fetchpriority=\"high\" decoding=\"async\" width=\"683\" height=\"1024\" src=\"https:\/\/q2travels.com\/wp-content\/uploads\/2024\/08\/krakenimages-Y5bvRlcCx8k-unsplash-1-683x1024.jpg\" class=\"attachment-large size-large wp-image-1146\" alt=\"Equipo unido\" srcset=\"https:\/\/q2travels.com\/wp-content\/uploads\/2024\/08\/krakenimages-Y5bvRlcCx8k-unsplash-1-683x1024.jpg 683w, https:\/\/q2travels.com\/wp-content\/uploads\/2024\/08\/krakenimages-Y5bvRlcCx8k-unsplash-1-200x300.jpg 200w, https:\/\/q2travels.com\/wp-content\/uploads\/2024\/08\/krakenimages-Y5bvRlcCx8k-unsplash-1-768x1152.jpg 768w, https:\/\/q2travels.com\/wp-content\/uploads\/2024\/08\/krakenimages-Y5bvRlcCx8k-unsplash-1-1024x1536.jpg 1024w, https:\/\/q2travels.com\/wp-content\/uploads\/2024\/08\/krakenimages-Y5bvRlcCx8k-unsplash-1-1365x2048.jpg 1365w, https:\/\/q2travels.com\/wp-content\/uploads\/2024\/08\/krakenimages-Y5bvRlcCx8k-unsplash-1-scaled.jpg 1707w\" sizes=\"(max-width: 683px) 100vw, 683px\" \/>\t\t\t\t\t\t\t\t\t\t\t\t\t<\/div>\n\t\t\t\t<\/div>\n\t\t\t\t\t<\/div>\n\t\t\t\t<\/div>\n\t\t<div class=\"elementor-element elementor-element-d656a30 e-flex e-con-boxed e-con e-child\" data-id=\"d656a30\" data-element_type=\"container\" data-settings=\"{&quot;background_background&quot;:&quot;classic&quot;}\">\n\t\t\t\t\t<div class=\"e-con-inner\">\n\t\t\t\t<div class=\"elementor-element elementor-element-d5b2968 elementor-widget elementor-widget-heading\" data-id=\"d5b2968\" data-element_type=\"widget\" data-settings=\"{&quot;_animation_mobile&quot;:&quot;fadeIn&quot;}\" data-widget_type=\"heading.default\">\n\t\t\t\t<div class=\"elementor-widget-container\">\n\t\t\t<h3 class=\"elementor-heading-title elementor-size-default\">Every event is unique<\/h3>\t\t<\/div>\n\t\t\t\t<\/div>\n\t\t\t\t<div class=\"elementor-element elementor-element-d9e8947 elementor-widget elementor-widget-heading\" data-id=\"d9e8947\" data-element_type=\"widget\" data-widget_type=\"heading.default\">\n\t\t\t\t<div class=\"elementor-widget-container\">\n\t\t\t<h4 class=\"elementor-heading-title elementor-size-default\">We have more than 15 years of experience in the following areas<\/h4>\t\t<\/div>\n\t\t\t\t<\/div>\n\t\t<div class=\"elementor-element elementor-element-0dba463 e-con-full e-flex e-con e-child\" data-id=\"0dba463\" data-element_type=\"container\" data-settings=\"{&quot;animation_mobile&quot;:&quot;fadeIn&quot;}\">\n\t\t\t\t<div class=\"elementor-element elementor-element-e45eff0 elementor-align-left elementor-icon-list--layout-traditional elementor-list-item-link-full_width elementor-widget elementor-widget-icon-list\" data-id=\"e45eff0\" data-element_type=\"widget\" data-widget_type=\"icon-list.default\">\n\t\t\t\t<div class=\"elementor-widget-container\">\n\t\t\t\t\t<ul class=\"elementor-icon-list-items\">\n\t\t\t\t\t\t\t<li class=\"elementor-icon-list-item\">\n\t\t\t\t\t\t\t\t\t\t\t<span class=\"elementor-icon-list-icon\">\n\t\t\t\t\t\t\t<svg aria-hidden=\"true\" class=\"e-font-icon-svg e-fas-network-wired\" viewbox=\"0 0 640 512\" xmlns=\"http:\/\/www.w3.org\/2000\/svg\"><path d=\"M640 264v-16c0-8.84-7.16-16-16-16H344v-40h72c17.67 0 32-14.33 32-32V32c0-17.67-14.33-32-32-32H224c-17.67 0-32 14.33-32 32v128c0 17.67 14.33 32 32 32h72v40H16c-8.84 0-16 7.16-16 16v16c0 8.84 7.16 16 16 16h104v40H64c-17.67 0-32 14.33-32 32v128c0 17.67 14.33 32 32 32h160c17.67 0 32-14.33 32-32V352c0-17.67-14.33-32-32-32h-56v-40h304v40h-56c-17.67 0-32 14.33-32 32v128c0 17.67 14.33 32 32 32h160c17.67 0 32-14.33 32-32V352c0-17.67-14.33-32-32-32h-56v-40h104c8.84 0 16-7.16 16-16zM256 128V64h128v64H256zm-64 320H96v-64h96v64zm352 0h-96v-64h96v64z\"><\/path><\/svg>\t\t\t\t\t\t<\/span>\n\t\t\t\t\t\t\t\t\t\t<span class=\"elementor-icon-list-text\">Incentivos y convenciones<\/span>\n\t\t\t\t\t\t\t\t\t<\/li>\n\t\t\t\t\t\t\t\t<li class=\"elementor-icon-list-item\">\n\t\t\t\t\t\t\t\t\t\t\t<span class=\"elementor-icon-list-icon\">\n\t\t\t\t\t\t\t<svg aria-hidden=\"true\" class=\"e-font-icon-svg e-fas-map-marked-alt\" viewbox=\"0 0 576 512\" xmlns=\"http:\/\/www.w3.org\/2000\/svg\"><path d=\"M288 0c-69.59 0-126 56.41-126 126 0 56.26 82.35 158.8 113.9 196.02 6.39 7.54 17.82 7.54 24.2 0C331.65 284.8 414 182.26 414 126 414 56.41 357.59 0 288 0zm0 168c-23.2 0-42-18.8-42-42s18.8-42 42-42 42 18.8 42 42-18.8 42-42 42zM20.12 215.95A32.006 32.006 0 0 0 0 245.66v250.32c0 11.32 11.43 19.06 21.94 14.86L160 448V214.92c-8.84-15.98-16.07-31.54-21.25-46.42L20.12 215.95zM288 359.67c-14.07 0-27.38-6.18-36.51-16.96-19.66-23.2-40.57-49.62-59.49-76.72v182l192 64V266c-18.92 27.09-39.82 53.52-59.49 76.72-9.13 10.77-22.44 16.95-36.51 16.95zm266.06-198.51L416 224v288l139.88-55.95A31.996 31.996 0 0 0 576 426.34V176.02c0-11.32-11.43-19.06-21.94-14.86z\"><\/path><\/svg>\t\t\t\t\t\t<\/span>\n\t\t\t\t\t\t\t\t\t\t<span class=\"elementor-icon-list-text\">Logistics for congresses and trade fairs<\/span>\n\t\t\t\t\t\t\t\t\t<\/li>\n\t\t\t\t\t\t\t\t<li class=\"elementor-icon-list-item\">\n\t\t\t\t\t\t\t\t\t\t\t<span class=\"elementor-icon-list-icon\">\n\t\t\t\t\t\t\t<svg aria-hidden=\"true\" class=\"e-font-icon-svg e-fas-box-open\" viewbox=\"0 0 640 512\" xmlns=\"http:\/\/www.w3.org\/2000\/svg\"><path d=\"M425.7 256c-16.9 0-32.8-9-41.4-23.4L320 126l-64.2 106.6c-8.7 14.5-24.6 23.5-41.5 23.5-4.5 0-9-.6-13.3-1.9L64 215v178c0 14.7 10 27.5 24.2 31l216.2 54.1c10.2 2.5 20.9 2.5 31 0L551.8 424c14.2-3.6 24.2-16.4 24.2-31V215l-137 39.1c-4.3 1.3-8.8 1.9-13.3 1.9zm212.6-112.2L586.8 41c-3.1-6.2-9.8-9.8-16.7-8.9L320 64l91.7 152.1c3.8 6.3 11.4 9.3 18.5 7.3l197.9-56.5c9.9-2.9 14.7-13.9 10.2-23.1zM53.2 41L1.7 143.8c-4.6 9.2.3 20.2 10.1 23l197.9 56.5c7.1 2 14.7-1 18.5-7.3L320 64 69.8 32.1c-6.9-.8-13.5 2.7-16.6 8.9z\"><\/path><\/svg>\t\t\t\t\t\t<\/span>\n\t\t\t\t\t\t\t\t\t\t<span class=\"elementor-icon-list-text\">Product launches<\/span>\n\t\t\t\t\t\t\t\t\t<\/li>\n\t\t\t\t\t\t\t\t<li class=\"elementor-icon-list-item\">\n\t\t\t\t\t\t\t\t\t\t\t<span class=\"elementor-icon-list-icon\">\n\t\t\t\t\t\t\t<svg aria-hidden=\"true\" class=\"e-font-icon-svg e-fas-gifts\" viewbox=\"0 0 640 512\" xmlns=\"http:\/\/www.w3.org\/2000\/svg\"><path d=\"M240.6 194.1c1.9-30.8 17.3-61.2 44-79.8C279.4 103.5 268.7 96 256 96h-29.4l30.7-22c7.2-5.1 8.9-15.1 3.7-22.3l-9.3-13c-5.1-7.2-15.1-8.9-22.3-3.7l-32 22.9 11.5-30.6c3.1-8.3-1.1-17.5-9.4-20.6l-15-5.6c-8.3-3.1-17.5 1.1-20.6 9.4l-19.9 53-19.9-53.1C121 2.1 111.8-2.1 103.5 1l-15 5.6C80.2 9.7 76 19 79.2 27.2l11.5 30.6L58.6 35c-7.2-5.1-17.2-3.5-22.3 3.7l-9.3 13c-5.1 7.2-3.5 17.2 3.7 22.3l30.7 22H32c-17.7 0-32 14.3-32 32v352c0 17.7 14.3 32 32 32h168.9c-5.5-9.5-8.9-20.3-8.9-32V256c0-29.9 20.8-55 48.6-61.9zM224 480c0 17.7 14.3 32 32 32h160V384H224v96zm224 32h160c17.7 0 32-14.3 32-32v-96H448v128zm160-288h-20.4c2.6-7.6 4.4-15.5 4.4-23.8 0-35.5-27-72.2-72.1-72.2-48.1 0-75.9 47.7-87.9 75.3-12.1-27.6-39.9-75.3-87.9-75.3-45.1 0-72.1 36.7-72.1 72.2 0 8.3 1.7 16.2 4.4 23.8H256c-17.7 0-32 14.3-32 32v96h192V224h15.3l.7-.2.7.2H448v128h192v-96c0-17.7-14.3-32-32-32zm-272 0c-2.7-1.4-5.1-3-7.2-4.8-7.3-6.4-8.8-13.8-8.8-19 0-9.7 6.4-24.2 24.1-24.2 18.7 0 35.6 27.4 44.5 48H336zm199.2-4.8c-2.1 1.8-4.5 3.4-7.2 4.8h-52.6c8.8-20.3 25.8-48 44.5-48 17.7 0 24.1 14.5 24.1 24.2 0 5.2-1.5 12.6-8.8 19z\"><\/path><\/svg>\t\t\t\t\t\t<\/span>\n\t\t\t\t\t\t\t\t\t\t<span class=\"elementor-icon-list-text\">Celebrations<\/span>\n\t\t\t\t\t\t\t\t\t<\/li>\n\t\t\t\t\t\t\t\t<li class=\"elementor-icon-list-item\">\n\t\t\t\t\t\t\t\t\t\t\t<span class=\"elementor-icon-list-icon\">\n\t\t\t\t\t\t\t<svg aria-hidden=\"true\" class=\"e-font-icon-svg e-fas-users\" viewbox=\"0 0 640 512\" xmlns=\"http:\/\/www.w3.org\/2000\/svg\"><path d=\"M96 224c35.3 0 64-28.7 64-64s-28.7-64-64-64-64 28.7-64 64 28.7 64 64 64zm448 0c35.3 0 64-28.7 64-64s-28.7-64-64-64-64 28.7-64 64 28.7 64 64 64zm32 32h-64c-17.6 0-33.5 7.1-45.1 18.6 40.3 22.1 68.9 62 75.1 109.4h66c17.7 0 32-14.3 32-32v-32c0-35.3-28.7-64-64-64zm-256 0c61.9 0 112-50.1 112-112S381.9 32 320 32 208 82.1 208 144s50.1 112 112 112zm76.8 32h-8.3c-20.8 10-43.9 16-68.5 16s-47.6-6-68.5-16h-8.3C179.6 288 128 339.6 128 403.2V432c0 26.5 21.5 48 48 48h288c26.5 0 48-21.5 48-48v-28.8c0-63.6-51.6-115.2-115.2-115.2zm-223.7-13.4C161.5 263.1 145.6 256 128 256H64c-35.3 0-64 28.7-64 64v32c0 17.7 14.3 32 32 32h65.9c6.3-47.4 34.9-87.3 75.2-109.4z\"><\/path><\/svg>\t\t\t\t\t\t<\/span>\n\t\t\t\t\t\t\t\t\t\t<span class=\"elementor-icon-list-text\">Meetings, symposiums and internal events<\/span>\n\t\t\t\t\t\t\t\t\t<\/li>\n\t\t\t\t\t\t<\/ul>\n\t\t\t\t<\/div>\n\t\t\t\t<\/div>\n\t\t\t\t<\/div>\n\t\t\t\t\t<\/div>\n\t\t\t\t<\/div>\n\t\t\t\t<\/div>\n\t\t<div class=\"elementor-element elementor-element-a64f72f elementor-hidden-desktop elementor-hidden-tablet elementor-hidden-mobile e-flex e-con-boxed e-con e-parent\" data-id=\"a64f72f\" data-element_type=\"container\" data-settings=\"{&quot;background_background&quot;:&quot;classic&quot;}\">\n\t\t\t\t\t<div class=\"e-con-inner\">\n\t\t\t\t<div class=\"elementor-element elementor-element-40f8621 elementor-invisible elementor-widget elementor-widget-heading\" data-id=\"40f8621\" data-element_type=\"widget\" data-settings=\"{&quot;_animation&quot;:&quot;fadeIn&quot;}\" data-widget_type=\"heading.default\">\n\t\t\t\t<div class=\"elementor-widget-container\">\n\t\t\t<h2 class=\"elementor-heading-title elementor-size-default\">En Q2 transformamos tus viajes<\/h2>\t\t<\/div>\n\t\t\t\t<\/div>\n\t\t\t\t<div class=\"elementor-element elementor-element-fa32243 elementor-widget__width-initial elementor-invisible elementor-widget elementor-widget-text-editor\" data-id=\"fa32243\" data-element_type=\"widget\" data-settings=\"{&quot;_animation&quot;:&quot;fadeIn&quot;}\" data-widget_type=\"text-editor.default\">\n\t\t\t\t<div class=\"elementor-widget-container\">\n\t\t\t\t\t\t\t<p>en experiencias inolvidables que motivan y recompensan a tu equipo.<br \/>Descubre como nuestros servicios MICE pueden inspirar a tus empleados a fortalecer las relaciones dentro de tu empresa.<br \/>Cont\u00e1ctanos hoy y comienza a planificar el viaje de incentivo perfecto con tus aliados estrat\u00e9gicos en Q2.<\/p>\t\t\t\t\t\t<\/div>\n\t\t\t\t<\/div>\n\t\t\t\t\t<\/div>\n\t\t\t\t<\/div>\n\t\t<div class=\"elementor-element elementor-element-6eb2727 e-flex e-con-boxed e-con e-parent\" data-id=\"6eb2727\" data-element_type=\"container\" data-settings=\"{&quot;position&quot;:&quot;absolute&quot;}\">\n\t\t\t\t\t<div class=\"e-con-inner\">\n\t\t\t\t<div class=\"elementor-element elementor-element-4f917aa4 elementor-align-right elementor-fixed elementor-widget elementor-widget-button\" data-id=\"4f917aa4\" data-element_type=\"widget\" data-settings=\"{&quot;_position&quot;:&quot;fixed&quot;}\" data-widget_type=\"button.default\">\n\t\t\t\t<div class=\"elementor-widget-container\">\n\t\t\t\t\t<div class=\"elementor-button-wrapper\">\n\t\t\t<a class=\"elementor-button elementor-button-link elementor-size-sm elementor-animation-shrink\" href=\"#\" id=\"btn-top\">\n\t\t\t\t\t\t<span class=\"elementor-button-content-wrapper\">\n\t\t\t\t\t\t<span class=\"elementor-button-icon\">\n\t\t\t\t<svg aria-hidden=\"true\" class=\"e-font-icon-svg e-fas-long-arrow-alt-up\" viewbox=\"0 0 256 512\" xmlns=\"http:\/\/www.w3.org\/2000\/svg\"><path d=\"M88 166.059V468c0 6.627 5.373 12 12 12h56c6.627 0 12-5.373 12-12V166.059h46.059c21.382 0 32.09-25.851 16.971-40.971l-86.059-86.059c-9.373-9.373-24.569-9.373-33.941 0l-86.059 86.059c-15.119 15.119-4.411 40.971 16.971 40.971H88z\"><\/path><\/svg>\t\t\t<\/span>\n\t\t\t\t\t\t\t\t<\/span>\n\t\t\t\t\t<\/a>\n\t\t<\/div>\n\t\t\t\t<\/div>\n\t\t\t\t<\/div>\n\t\t\t\t\t<\/div>\n\t\t\t\t<\/div>\n\t\t\t\t<\/div>","protected":false},"excerpt":{"rendered":"<p>Viajes de Inccentivo MICE Potenci\u00e1 la Motivaci\u00f3n y el Rendimiento de tu Equipo. En Q2 Travel, entendemos que los viajes de incentivo son una poderosa herramienta para motivar y recompensar a tu equipo. Nuestros servicios MICE (Meetings, Incentives, Conferences and Exhibitions) est\u00e1n dise\u00f1ados para ofrecer experiencias \u00fanicas que inspiran y fortalecen las relaciones empresariales. Con [&hellip;]<\/p>","protected":false},"author":1,"featured_media":0,"parent":0,"menu_order":0,"comment_status":"closed","ping_status":"closed","template":"","meta":{"footnotes":""},"class_list":["post-1124","page","type-page","status-publish","hentry"],"_links":{"self":[{"href":"https:\/\/q2travels.com\/en\/wp-json\/wp\/v2\/pages\/1124"}],"collection":[{"href":"https:\/\/q2travels.com\/en\/wp-json\/wp\/v2\/pages"}],"about":[{"href":"https:\/\/q2travels.com\/en\/wp-json\/wp\/v2\/types\/page"}],"author":[{"embeddable":true,"href":"https:\/\/q2travels.com\/en\/wp-json\/wp\/v2\/users\/1"}],"replies":[{"embeddable":true,"href":"https:\/\/q2travels.com\/en\/wp-json\/wp\/v2\/comments?post=1124"}],"version-history":[{"count":100,"href":"https:\/\/q2travels.com\/en\/wp-json\/wp\/v2\/pages\/1124\/revisions"}],"predecessor-version":[{"id":1651,"href":"https:\/\/q2travels.com\/en\/wp-json\/wp\/v2\/pages\/1124\/revisions\/1651"}],"wp:attachment":[{"href":"https:\/\/q2travels.com\/en\/wp-json\/wp\/v2\/media?parent=1124"}],"curies":[{"name":"wp","href":"https:\/\/api.w.org\/{rel}","templated":true}]}}