{"id":1033,"date":"2024-08-12T15:12:57","date_gmt":"2024-08-12T15:12:57","guid":{"rendered":"https:\/\/q2travels.com\/?page_id=1033"},"modified":"2024-08-30T14:54:53","modified_gmt":"2024-08-30T14:54:53","slug":"q2-experience","status":"publish","type":"page","link":"https:\/\/q2travels.com\/en\/q2-experience\/","title":{"rendered":"Q2 Experience"},"content":{"rendered":"<div data-elementor-type=\"wp-page\" data-elementor-id=\"1033\" class=\"elementor elementor-1033\" data-elementor-post-type=\"page\">\n\t\t\t\t<div class=\"elementor-element elementor-element-e9e4224 e-flex e-con-boxed e-con e-parent\" data-id=\"e9e4224\" data-element_type=\"container\" data-settings=\"{&quot;background_background&quot;:&quot;classic&quot;}\">\n\t\t\t\t\t<div class=\"e-con-inner\">\n\t\t\t\t<div class=\"elementor-element elementor-element-f466b4f elementor-invisible elementor-widget elementor-widget-heading\" data-id=\"f466b4f\" data-element_type=\"widget\" data-settings=\"{&quot;_animation&quot;:&quot;fadeIn&quot;}\" data-widget_type=\"heading.default\">\n\t\t\t\t<div class=\"elementor-widget-container\">\n\t\t\t<style>\/*! elementor - v3.23.0 - 05-08-2024 *\/\n.elementor-heading-title{padding:0;margin:0;line-height:1}.elementor-widget-heading .elementor-heading-title[class*=elementor-size-]>a{color:inherit;font-size:inherit;line-height:inherit}.elementor-widget-heading .elementor-heading-title.elementor-size-small{font-size:15px}.elementor-widget-heading .elementor-heading-title.elementor-size-medium{font-size:19px}.elementor-widget-heading .elementor-heading-title.elementor-size-large{font-size:29px}.elementor-widget-heading .elementor-heading-title.elementor-size-xl{font-size:39px}.elementor-widget-heading .elementor-heading-title.elementor-size-xxl{font-size:59px}<\/style><h2 class=\"elementor-heading-title elementor-size-default\">Experience<\/h2>\t\t<\/div>\n\t\t\t\t<\/div>\n\t\t\t\t<div class=\"elementor-element elementor-element-57aaa69 elementor-widget__width-initial elementor-invisible elementor-widget elementor-widget-text-editor\" data-id=\"57aaa69\" data-element_type=\"widget\" data-settings=\"{&quot;_animation&quot;:&quot;fadeIn&quot;}\" data-widget_type=\"text-editor.default\">\n\t\t\t\t<div class=\"elementor-widget-container\">\n\t\t\t<style>\/*! elementor - v3.23.0 - 05-08-2024 *\/\n.elementor-widget-text-editor.elementor-drop-cap-view-stacked .elementor-drop-cap{background-color:#69727d;color:#fff}.elementor-widget-text-editor.elementor-drop-cap-view-framed .elementor-drop-cap{color:#69727d;border:3px solid;background-color:transparent}.elementor-widget-text-editor:not(.elementor-drop-cap-view-default) .elementor-drop-cap{margin-top:8px}.elementor-widget-text-editor:not(.elementor-drop-cap-view-default) .elementor-drop-cap-letter{width:1em;height:1em}.elementor-widget-text-editor .elementor-drop-cap{float:left;text-align:center;line-height:1;font-size:50px}.elementor-widget-text-editor .elementor-drop-cap-letter{display:inline-block}<\/style>\t\t\t\t<p><strong>Trips that awaken your senses<\/strong><\/p><p>At Q2 Travel, we believe that traveling is much more than just arriving at a destination; it is immersing yourself in a world of sensations, emotions and unforgettable moments.<\/p><p>Welcome to \u201cQ2 Experience\u201d, our exclusive selection of niche trips designed for those looking for something more than the conventional.<\/p><p>Here, each trip is a unique sensory experience, created with creative attention to detail to satisfy the most demanding desires.<\/p>\t\t\t\t\t\t<\/div>\n\t\t\t\t<\/div>\n\t\t\t\t\t<\/div>\n\t\t\t\t<\/div>\n\t\t<div class=\"elementor-element elementor-element-c4d4857 e-con-full elementor-hidden-tablet elementor-hidden-mobile e-flex e-con e-parent\" data-id=\"c4d4857\" data-element_type=\"container\">\n\t\t\t\t<div class=\"elementor-element elementor-element-30c98ed elementor-widget elementor-widget-ucaddon_image_reveal_on_scroll\" data-id=\"30c98ed\" data-element_type=\"widget\" data-widget_type=\"ucaddon_image_reveal_on_scroll.default\">\n\t\t\t\t<div class=\"elementor-widget-container\">\n\t\t\t\n<!-- start Scroll Image Reveal -->\n\t\t<link id='uc_ac_assets_file_uc_image_reveal_css_545-css' href='https:\/\/q2travels.com\/wp-content\/uploads\/ac_assets\/image_reveal_on_scroll\/uc_image_reveal.css' type='text\/css' rel='stylesheet' >\n\n<style>\/* widget: Scroll Image Reveal *\/\n\n\t\n\n    #uc_image_reveal_on_scroll_elementor_30c98ed .uc_overlay.uc_reveal{\n      height: 0;\n      width: 100%;\n      bottom: 0;\n\t} \n\n\t#uc_image_reveal_on_scroll_elementor_30c98ed .uc_overlay.uc_reveal{\n      top: unset;\n\t}\n\n\n#uc_image_reveal_on_scroll_elementor_30c98ed .uc_reveal{\n\ttransition: ease-in-out all 2s;\n    transition-delay: 250ms;\n}\n\n#uc_image_reveal_on_scroll_elementor_30c98ed img\n{\n  display:block;\n}\n\n<\/style>\n\n<div class=\"uc_image_reveal\" id=\"uc_image_reveal_on_scroll_elementor_30c98ed\">\n\t<div class=\"uc_image_reveal_box\">\n      \t          \n\t\t<img fetchpriority=\"high\" decoding=\"async\" src=\"https:\/\/q2travels.com\/wp-content\/uploads\/2024\/08\/paul-pastourmatzis-8kDOOrs608I-unsplash-scaled.jpg\" class=\"ue-img\" alt=\"\" width=\"100%\"  height=\"1440\">\n          \n              \n\t\t<div class=\"uc_overlay iv-jello\"><\/div>\n        \n\t<\/div>\n<\/div>\n<!-- end Scroll Image Reveal -->\t\t<\/div>\n\t\t\t\t<\/div>\n\t\t\t\t<\/div>\n\t\t<div class=\"elementor-element elementor-element-6328651 e-con-full elementor-hidden-desktop e-flex e-con e-parent\" data-id=\"6328651\" data-element_type=\"container\">\n\t\t\t\t<div class=\"elementor-element elementor-element-07762ae elementor-widget elementor-widget-ucaddon_image_reveal_on_scroll\" data-id=\"07762ae\" data-element_type=\"widget\" data-widget_type=\"ucaddon_image_reveal_on_scroll.default\">\n\t\t\t\t<div class=\"elementor-widget-container\">\n\t\t\t\n<!-- start Scroll Image Reveal -->\n\n<style>\/* widget: Scroll Image Reveal *\/\n\n\t\n\n    #uc_image_reveal_on_scroll_elementor_07762ae .uc_overlay.uc_reveal{\n      height: 0;\n      width: 100%;\n      bottom: 0;\n\t} \n\n\t#uc_image_reveal_on_scroll_elementor_07762ae .uc_overlay.uc_reveal{\n      top: unset;\n\t}\n\n\n#uc_image_reveal_on_scroll_elementor_07762ae .uc_reveal{\n\ttransition: ease-in-out all 2s;\n    transition-delay: 250ms;\n}\n\n#uc_image_reveal_on_scroll_elementor_07762ae img\n{\n  display:block;\n}\n\n<\/style>\n\n<div class=\"uc_image_reveal\" id=\"uc_image_reveal_on_scroll_elementor_07762ae\">\n\t<div class=\"uc_image_reveal_box\">\n      \t          \n\t\t<img decoding=\"async\" src=\"https:\/\/q2travels.com\/wp-content\/uploads\/2024\/08\/q2-experience-5.png\" class=\"ue-img\" alt=\"\" width=\"100%\"  height=\"500\">\n          \n              \n\t\t<div class=\"uc_overlay iv-jello\"><\/div>\n        \n\t<\/div>\n<\/div>\n<!-- end Scroll Image Reveal -->\t\t<\/div>\n\t\t\t\t<\/div>\n\t\t\t\t<\/div>\n\t\t<div class=\"elementor-element elementor-element-ea5a0d8 e-flex e-con-boxed e-con e-parent\" data-id=\"ea5a0d8\" data-element_type=\"container\" data-settings=\"{&quot;background_background&quot;:&quot;classic&quot;}\">\n\t\t\t\t\t<div class=\"e-con-inner\">\n\t\t\t\t<div class=\"elementor-element elementor-element-5363a7b elementor-invisible elementor-widget elementor-widget-heading\" data-id=\"5363a7b\" data-element_type=\"widget\" data-settings=\"{&quot;_animation&quot;:&quot;fadeIn&quot;}\" data-widget_type=\"heading.default\">\n\t\t\t\t<div class=\"elementor-widget-container\">\n\t\t\t<h2 class=\"elementor-heading-title elementor-size-default\">Our Difference<\/h2>\t\t<\/div>\n\t\t\t\t<\/div>\n\t\t\t\t<div class=\"elementor-element elementor-element-d589cf8 elementor-widget__width-initial elementor-invisible elementor-widget elementor-widget-text-editor\" data-id=\"d589cf8\" data-element_type=\"widget\" data-settings=\"{&quot;_animation&quot;:&quot;fadeIn&quot;}\" data-widget_type=\"text-editor.default\">\n\t\t\t\t<div class=\"elementor-widget-container\">\n\t\t\t\t\t\t\t<p>Planning a trip can be fun, but it can also be overwhelming.<\/p><p>It's easy to get lost in a sea of travel websites without getting the clarity you're looking for.<\/p><p>Let us take you out of this digital labyrinth.<\/p><p>As travel experts, we do all our research first hand.<\/p><p>This means that <strong>our recommendations are personal.<\/strong><\/p><p>We have stayed in hotels, eaten in restaurants and selected the guides who will accompany you on your journey.<\/p><p><strong>We want to highlight the true value of travel and celebrate the authenticity that makes these people and places unique.<\/strong><\/p>\t\t\t\t\t\t<\/div>\n\t\t\t\t<\/div>\n\t\t\t\t\t<\/div>\n\t\t\t\t<\/div>\n\t\t<div class=\"elementor-element elementor-element-7357739 e-con-full e-flex e-con e-parent\" data-id=\"7357739\" data-element_type=\"container\">\n\t\t\t\t<div class=\"elementor-element elementor-element-bad0e8b elementor-widget elementor-widget-ucaddon_image_reveal_on_scroll\" data-id=\"bad0e8b\" data-element_type=\"widget\" data-widget_type=\"ucaddon_image_reveal_on_scroll.default\">\n\t\t\t\t<div class=\"elementor-widget-container\">\n\t\t\t\n<!-- start Scroll Image Reveal -->\n\n<style>\/* widget: Scroll Image Reveal *\/\n\n    #uc_image_reveal_on_scroll_elementor_bad0e8b .uc_overlay{\n      right: 0;\n\t} \n\t\n\n\n\n\n#uc_image_reveal_on_scroll_elementor_bad0e8b .uc_reveal{\n\ttransition: ease-in-out all 2s;\n    transition-delay: 250ms;\n}\n\n#uc_image_reveal_on_scroll_elementor_bad0e8b img\n{\n  display:block;\n}\n\n<\/style>\n\n<div class=\"uc_image_reveal\" id=\"uc_image_reveal_on_scroll_elementor_bad0e8b\">\n\t<div class=\"uc_image_reveal_box\">\n      \t          \n\t\t<img decoding=\"async\" src=\"https:\/\/q2travels.com\/wp-content\/uploads\/2024\/08\/q2-experience-1.png\" class=\"ue-img\" alt=\"\" width=\"100%\"  height=\"600\">\n          \n              \n\t\t<div class=\"uc_overlay iv-jello\"><\/div>\n        \n\t<\/div>\n<\/div>\n<!-- end Scroll Image Reveal -->\t\t<\/div>\n\t\t\t\t<\/div>\n\t\t\t\t<div class=\"elementor-element elementor-element-9dd492f elementor-widget elementor-widget-ucaddon_image_reveal_on_scroll\" data-id=\"9dd492f\" data-element_type=\"widget\" data-widget_type=\"ucaddon_image_reveal_on_scroll.default\">\n\t\t\t\t<div class=\"elementor-widget-container\">\n\t\t\t\n<!-- start Scroll Image Reveal -->\n\n<style>\/* widget: Scroll Image Reveal *\/\n\n    #uc_image_reveal_on_scroll_elementor_9dd492f .uc_overlay{\n      left: 0;\n\t} \n\t\n\n\n\n\n#uc_image_reveal_on_scroll_elementor_9dd492f .uc_reveal{\n\ttransition: ease-in-out all 2s;\n    transition-delay: 250ms;\n}\n\n#uc_image_reveal_on_scroll_elementor_9dd492f img\n{\n  display:block;\n}\n\n<\/style>\n\n<div class=\"uc_image_reveal\" id=\"uc_image_reveal_on_scroll_elementor_9dd492f\">\n\t<div class=\"uc_image_reveal_box\">\n      \t          \n\t\t<img loading=\"lazy\" decoding=\"async\" src=\"https:\/\/q2travels.com\/wp-content\/uploads\/2024\/08\/q2-experience-2.png\" class=\"ue-img\" alt=\"\" width=\"100%\"  height=\"600\">\n          \n              \n\t\t<div class=\"uc_overlay iv-jello\"><\/div>\n        \n\t<\/div>\n<\/div>\n<!-- end Scroll Image Reveal -->\t\t<\/div>\n\t\t\t\t<\/div>\n\t\t\t\t<\/div>\n\t\t<div class=\"elementor-element elementor-element-21936df e-flex e-con-boxed e-con e-parent\" data-id=\"21936df\" data-element_type=\"container\" data-settings=\"{&quot;background_background&quot;:&quot;classic&quot;}\">\n\t\t\t\t\t<div class=\"e-con-inner\">\n\t\t<div class=\"elementor-element elementor-element-22a3cc1 e-con-full e-flex e-con e-child\" data-id=\"22a3cc1\" data-element_type=\"container\">\n\t\t<div class=\"elementor-element elementor-element-b7a0d76 e-con-full e-flex elementor-invisible e-con e-child\" data-id=\"b7a0d76\" data-element_type=\"container\" data-settings=\"{&quot;background_background&quot;:&quot;classic&quot;,&quot;animation&quot;:&quot;fadeIn&quot;}\">\n\t\t\t\t<div class=\"elementor-element elementor-element-fc493ed elementor-widget elementor-widget-heading\" data-id=\"fc493ed\" data-element_type=\"widget\" data-widget_type=\"heading.default\">\n\t\t\t\t<div class=\"elementor-widget-container\">\n\t\t\t<h2 class=\"elementor-heading-title elementor-size-default\">Sports Travel<\/h2>\t\t<\/div>\n\t\t\t\t<\/div>\n\t\t\t\t<div class=\"elementor-element elementor-element-9f47efa elementor-widget elementor-widget-text-editor\" data-id=\"9f47efa\" data-element_type=\"widget\" data-widget_type=\"text-editor.default\">\n\t\t\t\t<div class=\"elementor-widget-container\">\n\t\t\t\t\t\t\t<p><strong>Live the Emotion of Sport<\/strong><\/p><p>For sports enthusiasts, Q2 Experience offers the opportunity to experience world-class sporting events from a privileged perspective. You won't just see the event; you'll experience it firsthand, exclusive behind-the-scenes access, athlete encounters and VIP experiences that will put you in the heart of the action.<\/p><p><span style=\"font-weight: 400;\">UEFA Champions League, Formula 1, Grand Slams, Rugby World Cup, Football World Cup, Olympic Games, etc.<\/span><\/p>\t\t\t\t\t\t<\/div>\n\t\t\t\t<\/div>\n\t\t\t\t<\/div>\n\t\t\t\t<\/div>\n\t\t<div class=\"elementor-element elementor-element-f509272 e-con-full e-flex e-con e-child\" data-id=\"f509272\" data-element_type=\"container\">\n\t\t\t\t<div class=\"elementor-element elementor-element-2ded1a8 elementor-invisible elementor-widget elementor-widget-image\" data-id=\"2ded1a8\" data-element_type=\"widget\" data-settings=\"{&quot;_animation&quot;:&quot;fadeIn&quot;}\" data-widget_type=\"image.default\">\n\t\t\t\t<div class=\"elementor-widget-container\">\n\t\t\t\t\t\t\t\t\t\t\t\t\t<img decoding=\"async\" src=\"https:\/\/q2travels.com\/wp-content\/uploads\/2024\/08\/pexels-aderawilson-19875972-scaled.jpg\" title=\"pexels-aderawilson-19875972\" alt=\"evento deportivo\" loading=\"lazy\" \/>\t\t\t\t\t\t\t\t\t\t\t\t\t<\/div>\n\t\t\t\t<\/div>\n\t\t\t\t<\/div>\n\t\t\t\t\t<\/div>\n\t\t\t\t<\/div>\n\t\t<div class=\"elementor-element elementor-element-f5b8d27 e-flex e-con-boxed e-con e-parent\" data-id=\"f5b8d27\" data-element_type=\"container\" data-settings=\"{&quot;background_background&quot;:&quot;classic&quot;}\">\n\t\t\t\t\t<div class=\"e-con-inner\">\n\t\t<div class=\"elementor-element elementor-element-4a5e809 e-con-full e-flex e-con e-child\" data-id=\"4a5e809\" data-element_type=\"container\">\n\t\t\t\t<div class=\"elementor-element elementor-element-7ea7358 elementor-invisible elementor-widget elementor-widget-image\" data-id=\"7ea7358\" data-element_type=\"widget\" data-settings=\"{&quot;_animation&quot;:&quot;fadeIn&quot;}\" data-widget_type=\"image.default\">\n\t\t\t\t<div class=\"elementor-widget-container\">\n\t\t\t\t\t\t\t\t\t\t\t\t\t<img loading=\"lazy\" decoding=\"async\" width=\"800\" height=\"534\" src=\"https:\/\/q2travels.com\/wp-content\/uploads\/2024\/08\/excited-audience-watching-confetti-fireworks-having-fun-music-festival-night-copy-space-1-1024x683.jpg\" class=\"attachment-large size-large wp-image-1084\" alt=\"evento musical\" srcset=\"https:\/\/q2travels.com\/wp-content\/uploads\/2024\/08\/excited-audience-watching-confetti-fireworks-having-fun-music-festival-night-copy-space-1-1024x683.jpg 1024w, https:\/\/q2travels.com\/wp-content\/uploads\/2024\/08\/excited-audience-watching-confetti-fireworks-having-fun-music-festival-night-copy-space-1-300x200.jpg 300w, https:\/\/q2travels.com\/wp-content\/uploads\/2024\/08\/excited-audience-watching-confetti-fireworks-having-fun-music-festival-night-copy-space-1-768x512.jpg 768w, https:\/\/q2travels.com\/wp-content\/uploads\/2024\/08\/excited-audience-watching-confetti-fireworks-having-fun-music-festival-night-copy-space-1-1536x1024.jpg 1536w, https:\/\/q2travels.com\/wp-content\/uploads\/2024\/08\/excited-audience-watching-confetti-fireworks-having-fun-music-festival-night-copy-space-1-2048x1365.jpg 2048w\" sizes=\"(max-width: 800px) 100vw, 800px\" \/>\t\t\t\t\t\t\t\t\t\t\t\t\t<\/div>\n\t\t\t\t<\/div>\n\t\t\t\t<\/div>\n\t\t<div class=\"elementor-element elementor-element-43b9bee e-con-full e-flex e-con e-child\" data-id=\"43b9bee\" data-element_type=\"container\">\n\t\t<div class=\"elementor-element elementor-element-d6e777d e-con-full e-flex elementor-invisible e-con e-child\" data-id=\"d6e777d\" data-element_type=\"container\" data-settings=\"{&quot;background_background&quot;:&quot;classic&quot;,&quot;animation&quot;:&quot;fadeIn&quot;}\">\n\t\t\t\t<div class=\"elementor-element elementor-element-942c360 elementor-widget elementor-widget-heading\" data-id=\"942c360\" data-element_type=\"widget\" data-widget_type=\"heading.default\">\n\t\t\t\t<div class=\"elementor-widget-container\">\n\t\t\t<h2 class=\"elementor-heading-title elementor-size-default\">Musical Events<\/h2>\t\t<\/div>\n\t\t\t\t<\/div>\n\t\t\t\t<div class=\"elementor-element elementor-element-1f1314b elementor-widget elementor-widget-text-editor\" data-id=\"1f1314b\" data-element_type=\"widget\" data-widget_type=\"text-editor.default\">\n\t\t\t\t<div class=\"elementor-widget-container\">\n\t\t\t\t\t\t\t<p><strong>Rhythms that transcend<\/strong><\/p><p>If music is your passion, our music event tours will take you to the world's most iconic festivals and concerts. Each experience is designed for you to enjoy music at its best.<\/p><p>Meet the artists, access exclusive areas and feel every note like never before.<\/p><p>Glastonbury, Tomorrowland, Wacken Open Air, Sziget, Ultra Miami, Coachella, etc.<\/p>\t\t\t\t\t\t<\/div>\n\t\t\t\t<\/div>\n\t\t\t\t<\/div>\n\t\t\t\t<\/div>\n\t\t\t\t\t<\/div>\n\t\t\t\t<\/div>\n\t\t<div class=\"elementor-element elementor-element-044784d e-flex e-con-boxed e-con e-parent\" data-id=\"044784d\" data-element_type=\"container\" data-settings=\"{&quot;background_background&quot;:&quot;classic&quot;}\">\n\t\t\t\t\t<div class=\"e-con-inner\">\n\t\t<div class=\"elementor-element elementor-element-8f6ba6a e-con-full e-flex e-con e-child\" data-id=\"8f6ba6a\" data-element_type=\"container\">\n\t\t<div class=\"elementor-element elementor-element-354d437 e-con-full e-flex elementor-invisible e-con e-child\" data-id=\"354d437\" data-element_type=\"container\" data-settings=\"{&quot;background_background&quot;:&quot;classic&quot;,&quot;animation&quot;:&quot;fadeIn&quot;}\">\n\t\t\t\t<div class=\"elementor-element elementor-element-e9501ca elementor-widget elementor-widget-heading\" data-id=\"e9501ca\" data-element_type=\"widget\" data-widget_type=\"heading.default\">\n\t\t\t\t<div class=\"elementor-widget-container\">\n\t\t\t<h2 class=\"elementor-heading-title elementor-size-default\">Unparalleled Experiences<\/h2>\t\t<\/div>\n\t\t\t\t<\/div>\n\t\t\t\t<div class=\"elementor-element elementor-element-5175891 elementor-widget elementor-widget-text-editor\" data-id=\"5175891\" data-element_type=\"widget\" data-widget_type=\"text-editor.default\">\n\t\t\t\t<div class=\"elementor-widget-container\">\n\t\t\t\t\t\t\t<p><strong>I discovered the extraordinary<\/strong><\/p><p>Can you imagine a dinner under the stars in a desert, guided by a Michelin-starred chef? Or perhaps a hot air balloon ride over Tuscany, followed by a wine tasting in a private vineyard? Our unique experiences designed to awaken your senses and create indelible memories.<\/p>\t\t\t\t\t\t<\/div>\n\t\t\t\t<\/div>\n\t\t\t\t<\/div>\n\t\t\t\t<\/div>\n\t\t<div class=\"elementor-element elementor-element-e88a4aa e-con-full e-flex e-con e-child\" data-id=\"e88a4aa\" data-element_type=\"container\">\n\t\t\t\t<div class=\"elementor-element elementor-element-9744b25 elementor-invisible elementor-widget elementor-widget-image\" data-id=\"9744b25\" data-element_type=\"widget\" data-settings=\"{&quot;_animation&quot;:&quot;fadeIn&quot;}\" data-widget_type=\"image.default\">\n\t\t\t\t<div class=\"elementor-widget-container\">\n\t\t\t\t\t\t\t\t\t\t\t\t\t<img decoding=\"async\" src=\"https:\/\/q2travels.com\/wp-content\/uploads\/2024\/08\/hot-air-balloons-hills-fields-sunset-cappadocia-turkey-1-scaled.jpg\" title=\"hot-air-balloons-hills-fields-sunset-cappadocia-turkey (1)\" alt=\"globos paisaje\" loading=\"lazy\" \/>\t\t\t\t\t\t\t\t\t\t\t\t\t<\/div>\n\t\t\t\t<\/div>\n\t\t\t\t<\/div>\n\t\t\t\t\t<\/div>\n\t\t\t\t<\/div>\n\t\t<div class=\"elementor-element elementor-element-02e88d0 e-flex e-con-boxed e-con e-parent\" data-id=\"02e88d0\" data-element_type=\"container\" data-settings=\"{&quot;background_background&quot;:&quot;classic&quot;}\">\n\t\t\t\t\t<div class=\"e-con-inner\">\n\t\t\t\t<div class=\"elementor-element elementor-element-4629e20 elementor-invisible elementor-widget elementor-widget-heading\" data-id=\"4629e20\" data-element_type=\"widget\" data-settings=\"{&quot;_animation&quot;:&quot;fadeIn&quot;}\" data-widget_type=\"heading.default\">\n\t\t\t\t<div class=\"elementor-widget-container\">\n\t\t\t<h2 class=\"elementor-heading-title elementor-size-default\">Immerse yourself in the Experience<\/h2>\t\t<\/div>\n\t\t\t\t<\/div>\n\t\t\t\t<div class=\"elementor-element elementor-element-1f282eb elementor-widget__width-initial elementor-invisible elementor-widget elementor-widget-text-editor\" data-id=\"1f282eb\" data-element_type=\"widget\" data-settings=\"{&quot;_animation&quot;:&quot;fadeIn&quot;}\" data-widget_type=\"text-editor.default\">\n\t\t\t\t<div class=\"elementor-widget-container\">\n\t\t\t\t\t\t\t<p>Discover a world where travel is transformed into unforgettable experiences. At Q2 Experience, every detail counts, every moment is an opportunity to create something extraordinary.<\/p><p><strong>Dare to live more, feel more and explore more with Q2 Travel.<\/strong><\/p><p>The adventure of your dreams is calling you.<\/p>\t\t\t\t\t\t<\/div>\n\t\t\t\t<\/div>\n\t\t\t\t\t<\/div>\n\t\t\t\t<\/div>\n\t\t<div class=\"elementor-element elementor-element-d6d1870 e-con-full elementor-hidden-tablet elementor-hidden-mobile e-flex e-con e-parent\" data-id=\"d6d1870\" data-element_type=\"container\">\n\t\t\t\t<div class=\"elementor-element elementor-element-74f433d elementor-widget elementor-widget-ucaddon_image_reveal_on_scroll\" data-id=\"74f433d\" data-element_type=\"widget\" data-widget_type=\"ucaddon_image_reveal_on_scroll.default\">\n\t\t\t\t<div class=\"elementor-widget-container\">\n\t\t\t\n<!-- start Scroll Image Reveal -->\n\n<style>\/* widget: Scroll Image Reveal *\/\n\n\t\n\n    #uc_image_reveal_on_scroll_elementor_74f433d .uc_overlay.uc_reveal{\n      height: 0;\n      width: 100%;\n      bottom: 0;\n\t} \n\n\t#uc_image_reveal_on_scroll_elementor_74f433d .uc_overlay.uc_reveal{\n      top: unset;\n\t}\n\n\n#uc_image_reveal_on_scroll_elementor_74f433d .uc_reveal{\n\ttransition: ease-in-out all 2s;\n    transition-delay: 250ms;\n}\n\n#uc_image_reveal_on_scroll_elementor_74f433d img\n{\n  display:block;\n}\n\n<\/style>\n\n<div class=\"uc_image_reveal\" id=\"uc_image_reveal_on_scroll_elementor_74f433d\">\n\t<div class=\"uc_image_reveal_box\">\n      \t          \n\t\t<img loading=\"lazy\" decoding=\"async\" src=\"https:\/\/q2travels.com\/wp-content\/uploads\/2024\/08\/q2-experience-3.png\" class=\"ue-img\" alt=\"\" width=\"100%\"  height=\"500\">\n          \n              \n\t\t<div class=\"uc_overlay iv-jello\"><\/div>\n        \n\t<\/div>\n<\/div>\n<!-- end Scroll Image Reveal -->\t\t<\/div>\n\t\t\t\t<\/div>\n\t\t\t\t<\/div>\n\t\t<div class=\"elementor-element elementor-element-f7e43cc e-con-full elementor-hidden-desktop e-flex e-con e-parent\" data-id=\"f7e43cc\" data-element_type=\"container\">\n\t\t\t\t<div class=\"elementor-element elementor-element-a8f8b01 elementor-widget elementor-widget-ucaddon_image_reveal_on_scroll\" data-id=\"a8f8b01\" data-element_type=\"widget\" data-widget_type=\"ucaddon_image_reveal_on_scroll.default\">\n\t\t\t\t<div class=\"elementor-widget-container\">\n\t\t\t\n<!-- start Scroll Image Reveal -->\n\n<style>\/* widget: Scroll Image Reveal *\/\n\n\t\n\n    #uc_image_reveal_on_scroll_elementor_a8f8b01 .uc_overlay.uc_reveal{\n      height: 0;\n      width: 100%;\n      bottom: 0;\n\t} \n\n\t#uc_image_reveal_on_scroll_elementor_a8f8b01 .uc_overlay.uc_reveal{\n      top: unset;\n\t}\n\n\n#uc_image_reveal_on_scroll_elementor_a8f8b01 .uc_reveal{\n\ttransition: ease-in-out all 2s;\n    transition-delay: 250ms;\n}\n\n#uc_image_reveal_on_scroll_elementor_a8f8b01 img\n{\n  display:block;\n}\n\n<\/style>\n\n<div class=\"uc_image_reveal\" id=\"uc_image_reveal_on_scroll_elementor_a8f8b01\">\n\t<div class=\"uc_image_reveal_box\">\n      \t          \n\t\t<img loading=\"lazy\" decoding=\"async\" src=\"https:\/\/q2travels.com\/wp-content\/uploads\/2024\/08\/q2-experience-4.png\" class=\"ue-img\" alt=\"\" width=\"100%\"  height=\"500\">\n          \n              \n\t\t<div class=\"uc_overlay iv-jello\"><\/div>\n        \n\t<\/div>\n<\/div>\n<!-- end Scroll Image Reveal -->\t\t<\/div>\n\t\t\t\t<\/div>\n\t\t\t\t<\/div>\n\t\t<div class=\"elementor-element elementor-element-673b9093 e-flex e-con-boxed e-con e-parent\" data-id=\"673b9093\" data-element_type=\"container\" data-settings=\"{&quot;position&quot;:&quot;absolute&quot;}\">\n\t\t\t\t\t<div class=\"e-con-inner\">\n\t\t\t\t<div class=\"elementor-element elementor-element-73095ed9 elementor-align-right elementor-fixed elementor-widget elementor-widget-button\" data-id=\"73095ed9\" data-element_type=\"widget\" data-settings=\"{&quot;_position&quot;:&quot;fixed&quot;}\" data-widget_type=\"button.default\">\n\t\t\t\t<div class=\"elementor-widget-container\">\n\t\t\t\t\t<div class=\"elementor-button-wrapper\">\n\t\t\t<a class=\"elementor-button elementor-button-link elementor-size-sm elementor-animation-shrink\" href=\"#\" id=\"btn-top\">\n\t\t\t\t\t\t<span class=\"elementor-button-content-wrapper\">\n\t\t\t\t\t\t<span class=\"elementor-button-icon\">\n\t\t\t\t<svg aria-hidden=\"true\" class=\"e-font-icon-svg e-fas-long-arrow-alt-up\" viewbox=\"0 0 256 512\" xmlns=\"http:\/\/www.w3.org\/2000\/svg\"><path d=\"M88 166.059V468c0 6.627 5.373 12 12 12h56c6.627 0 12-5.373 12-12V166.059h46.059c21.382 0 32.09-25.851 16.971-40.971l-86.059-86.059c-9.373-9.373-24.569-9.373-33.941 0l-86.059 86.059c-15.119 15.119-4.411 40.971 16.971 40.971H88z\"><\/path><\/svg>\t\t\t<\/span>\n\t\t\t\t\t\t\t\t<\/span>\n\t\t\t\t\t<\/a>\n\t\t<\/div>\n\t\t\t\t<\/div>\n\t\t\t\t<\/div>\n\t\t\t\t\t<\/div>\n\t\t\t\t<\/div>\n\t\t\t\t<\/div>","protected":false},"excerpt":{"rendered":"<p>Experience Viajes que despiertan tus sentidos En Q2 Travel, creemos que viajar es mucho m\u00e1s que llegar a un destino; es sumergirse en un mundo de sensaciones, emociones y momentos inolvidables. Bienvenidos a \u00abQ2 Experience\u00bb, nuestra exclusiva selecci\u00f3n de viajes de nicho dise\u00f1ados para aquellos que buscan algo m\u00e1s que lo convencional. Ac\u00e1, cada viaje [&hellip;]<\/p>","protected":false},"author":1,"featured_media":0,"parent":0,"menu_order":0,"comment_status":"closed","ping_status":"closed","template":"","meta":{"footnotes":""},"class_list":["post-1033","page","type-page","status-publish","hentry"],"_links":{"self":[{"href":"https:\/\/q2travels.com\/en\/wp-json\/wp\/v2\/pages\/1033"}],"collection":[{"href":"https:\/\/q2travels.com\/en\/wp-json\/wp\/v2\/pages"}],"about":[{"href":"https:\/\/q2travels.com\/en\/wp-json\/wp\/v2\/types\/page"}],"author":[{"embeddable":true,"href":"https:\/\/q2travels.com\/en\/wp-json\/wp\/v2\/users\/1"}],"replies":[{"embeddable":true,"href":"https:\/\/q2travels.com\/en\/wp-json\/wp\/v2\/comments?post=1033"}],"version-history":[{"count":67,"href":"https:\/\/q2travels.com\/en\/wp-json\/wp\/v2\/pages\/1033\/revisions"}],"predecessor-version":[{"id":1533,"href":"https:\/\/q2travels.com\/en\/wp-json\/wp\/v2\/pages\/1033\/revisions\/1533"}],"wp:attachment":[{"href":"https:\/\/q2travels.com\/en\/wp-json\/wp\/v2\/media?parent=1033"}],"curies":[{"name":"wp","href":"https:\/\/api.w.org\/{rel}","templated":true}]}}